{"id":1009,"date":"2019-12-18T10:20:20","date_gmt":"2019-12-18T13:20:20","guid":{"rendered":"https:\/\/ispa-sal.infd.edu.ar\/sitio\/?page_id=1009"},"modified":"2024-02-12T13:03:34","modified_gmt":"2024-02-12T16:03:34","slug":"tec-sup-en-puesta-en-escena-y-produccion-artistica","status":"publish","type":"page","link":"https:\/\/ispa-sal.infd.edu.ar\/sitio\/tec-sup-en-puesta-en-escena-y-produccion-artistica\/","title":{"rendered":"Tec. Sup. en Puesta en Escena y Producci\u00f3n Art\u00edstica"},"content":{"rendered":"\n<figure class=\"wp-block-image size-full\"><img decoding=\"async\" loading=\"lazy\" width=\"1584\" height=\"396\" src=\"https:\/\/ispa-sal.infd.edu.ar\/sitio\/wp-content\/uploads\/2023\/04\/Puesta-en-Escena.jpg\" alt=\"\" class=\"wp-image-1494\" srcset=\"https:\/\/ispa-sal.infd.edu.ar\/sitio\/wp-content\/uploads\/2023\/04\/Puesta-en-Escena.jpg 1584w, https:\/\/ispa-sal.infd.edu.ar\/sitio\/wp-content\/uploads\/2023\/04\/Puesta-en-Escena-1000x250.jpg 1000w, https:\/\/ispa-sal.infd.edu.ar\/sitio\/wp-content\/uploads\/2023\/04\/Puesta-en-Escena-768x192.jpg 768w, https:\/\/ispa-sal.infd.edu.ar\/sitio\/wp-content\/uploads\/2023\/04\/Puesta-en-Escena-1536x384.jpg 1536w\" sizes=\"(max-width: 1584px) 100vw, 1584px\" \/><\/figure>\n\n\n<p>\u00a0<\/p>\n<table border=\"0\" align=\"center\">\n<tbody>\n<tr>\n<td style=\"text-align: center;\" colspan=\"2\"><span style=\"font-size: 18pt;\">Inst. Superior Prof. de Arte N\u00b0 6004<\/span><\/td>\n<\/tr>\n<tr>\n<td style=\"text-align: center;\"><span style=\"font-size: 18pt;\">Carrera:<\/span><\/td>\n<td style=\"text-align: center;\"><span style=\"font-size: 18pt;\">Tec. Sup. en Puesta en Escena y Producci\u00f3n Art\u00edstica<\/span><\/td>\n<\/tr>\n<\/tbody>\n<\/table>\n<table border=\"0\" align=\"center\">\n<tbody>\n<tr>\n<td>Prof a Cargo de Rector\u00eda<\/td>\n<td>\u00a0<\/td>\n<\/tr>\n<tr>\n<td>\u00a0<\/td>\n<td><strong>Esp. Narv\u00e1ez, Santiago<\/strong><\/td>\n<\/tr>\n<tr>\n<td>Coordinadora de la Carrera<\/td>\n<td>\u00a0<\/td>\n<\/tr>\n<tr>\n<td>\u00a0<\/td>\n<td><strong>Prof. Morosini, Mar\u00eda Silvia<\/strong><\/td>\n<\/tr>\n<tr>\n<td>Staff Docente de la Carrera<\/td>\n<td>\u00a0<\/td>\n<\/tr>\n<tr>\n<td>\u00a0<\/td>\n<td>\n<table width=\"497\">\n<tbody>\n<tr>\n<td width=\"497\">Alvarado Ra\u00fal Sergio<\/td>\n<\/tr>\n<tr>\n<td width=\"497\">Aparicio Natalia Andrea<\/td>\n<\/tr>\n<tr>\n<td width=\"497\">Arias Dante Isaac<\/td>\n<\/tr>\n<tr>\n<td width=\"497\">Ayub Tania<\/td>\n<\/tr>\n<tr>\n<td width=\"497\">Barthe Tabarconte Juan<\/td>\n<\/tr>\n<tr>\n<td width=\"497\">Cancelliere Sergio<\/td>\n<\/tr>\n<tr>\n<td width=\"497\">C\u00e1nepa Cesar Antonio<\/td>\n<\/tr>\n<tr>\n<td width=\"497\">Costaguta Raul Fabian<\/td>\n<\/tr>\n<tr>\n<td width=\"497\">Garcia Andrea<\/td>\n<\/tr>\n<tr>\n<td width=\"497\">Gutierrez Melisa Gisela<\/td>\n<\/tr>\n<tr>\n<td width=\"497\">Ligarribay Victor Hugo<\/td>\n<\/tr>\n<tr>\n<td width=\"497\">Lopez Diego Armando<\/td>\n<\/tr>\n<tr>\n<td width=\"497\">Mendes Calado Pablo Fabi\u00e1n<\/td>\n<\/tr>\n<tr>\n<td width=\"497\">Morosini Maria Silvia<\/td>\n<\/tr>\n<tr>\n<td width=\"497\">Negri Cecilia<\/td>\n<\/tr>\n<tr>\n<td width=\"497\">Nieva Moreno Mercedes<\/td>\n<\/tr>\n<tr>\n<td width=\"497\">Velasco Martin<\/td>\n<\/tr>\n<tr>\n<td width=\"497\">Veleizan Danny Marquez<\/td>\n<\/tr>\n<tr>\n<td width=\"497\">Vistas Hugo<\/td>\n<\/tr>\n<\/tbody>\n<\/table>\n<\/td>\n<\/tr>\n<tr>\n<td>\u00a0<\/td>\n<td>\u00a0<\/td>\n<\/tr>\n<\/tbody>\n<\/table>","protected":false},"excerpt":{"rendered":"<p>\u00a0 Inst. Superior Prof. de Arte N\u00b0 6004 Carrera: Tec. Sup. en Puesta en Escena y Producci\u00f3n Art\u00edstica Prof a Cargo de Rector\u00eda \u00a0 \u00a0 Esp. Narv\u00e1ez, Santiago Coordinadora de la Carrera \u00a0 \u00a0 Prof. Morosini, Mar\u00eda Silvia Staff Docente de la Carrera \u00a0 \u00a0 Alvarado Ra\u00fal Sergio Aparicio Natalia Andrea Arias Dante Isaac Ayub &#8230; <a title=\"Tec. Sup. en Puesta en Escena y Producci\u00f3n Art\u00edstica\" class=\"read-more\" href=\"https:\/\/ispa-sal.infd.edu.ar\/sitio\/tec-sup-en-puesta-en-escena-y-produccion-artistica\/\" aria-label=\"More on Tec. Sup. en Puesta en Escena y Producci\u00f3n Art\u00edstica\">[+]<\/a><\/p>\n","protected":false},"author":16,"featured_media":0,"parent":0,"menu_order":0,"comment_status":"closed","ping_status":"closed","template":"","meta":[],"acf":[],"_links":{"self":[{"href":"https:\/\/ispa-sal.infd.edu.ar\/sitio\/wp-json\/wp\/v2\/pages\/1009"}],"collection":[{"href":"https:\/\/ispa-sal.infd.edu.ar\/sitio\/wp-json\/wp\/v2\/pages"}],"about":[{"href":"https:\/\/ispa-sal.infd.edu.ar\/sitio\/wp-json\/wp\/v2\/types\/page"}],"author":[{"embeddable":true,"href":"https:\/\/ispa-sal.infd.edu.ar\/sitio\/wp-json\/wp\/v2\/users\/16"}],"replies":[{"embeddable":true,"href":"https:\/\/ispa-sal.infd.edu.ar\/sitio\/wp-json\/wp\/v2\/comments?post=1009"}],"version-history":[{"count":3,"href":"https:\/\/ispa-sal.infd.edu.ar\/sitio\/wp-json\/wp\/v2\/pages\/1009\/revisions"}],"predecessor-version":[{"id":1517,"href":"https:\/\/ispa-sal.infd.edu.ar\/sitio\/wp-json\/wp\/v2\/pages\/1009\/revisions\/1517"}],"wp:attachment":[{"href":"https:\/\/ispa-sal.infd.edu.ar\/sitio\/wp-json\/wp\/v2\/media?parent=1009"}],"curies":[{"name":"wp","href":"https:\/\/api.w.org\/{rel}","templated":true}]}}