{"id":866,"date":"2018-08-31T14:30:24","date_gmt":"2018-08-31T17:30:24","guid":{"rendered":"https:\/\/ispa-sal.infd.edu.ar\/sitio\/profesorado-de-teatro\/"},"modified":"2025-09-23T10:52:55","modified_gmt":"2025-09-23T13:52:55","slug":"profesorado-de-teatro","status":"publish","type":"page","link":"https:\/\/ispa-sal.infd.edu.ar\/sitio\/profesorado-de-teatro\/","title":{"rendered":"Prof. de TEATRO 2025"},"content":{"rendered":"<div class=\"wp-block-image\">\n<figure class=\"aligncenter size-full\"><img decoding=\"async\" loading=\"lazy\" width=\"1584\" height=\"396\" src=\"https:\/\/ispa-sal.infd.edu.ar\/sitio\/wp-content\/uploads\/2023\/04\/Teatro.jpg\" alt=\"\" class=\"wp-image-1495\" srcset=\"https:\/\/ispa-sal.infd.edu.ar\/sitio\/wp-content\/uploads\/2023\/04\/Teatro.jpg 1584w, https:\/\/ispa-sal.infd.edu.ar\/sitio\/wp-content\/uploads\/2023\/04\/Teatro-1000x250.jpg 1000w, https:\/\/ispa-sal.infd.edu.ar\/sitio\/wp-content\/uploads\/2023\/04\/Teatro-768x192.jpg 768w, https:\/\/ispa-sal.infd.edu.ar\/sitio\/wp-content\/uploads\/2023\/04\/Teatro-1536x384.jpg 1536w\" sizes=\"(max-width: 1584px) 100vw, 1584px\" \/><\/figure><\/div>\n\n\n<h2 class=\"wp-block-heading has-text-align-center has-contrast-2-color has-text-color\" style=\"letter-spacing:10px;text-transform:uppercase\">staff doCENTE 2025<\/h2>\n\n\n\n<div style=\"height:25px\" aria-hidden=\"true\" class=\"wp-block-spacer\"><\/div>\n\n\n\n<h4 class=\"wp-block-heading has-contrast-color has-text-color\" style=\"letter-spacing:5px\">COORDINACI\u00d3N<\/h4>\n\n\n\n<figure class=\"wp-block-table is-style-stripes\"><table class=\"has-base-3-background-color has-background\"><tbody><tr><td>PROF. AG\u00dcERO, VICTOR MANUEL<\/td><\/tr><\/tbody><\/table><\/figure>\n\n\n\n<h4 class=\"wp-block-heading has-contrast-color has-text-color\" style=\"letter-spacing:5px\">DOCENTES<\/h4>\n\n\n\n<figure class=\"wp-block-table is-style-stripes\"><table><tbody><tr><td>MATERIA<\/td><td>DOCENTE A CARGO<\/td><\/tr><tr><td>1.01 &#8211; Did\u00e1ctica General<\/td><td>CHAUQUI, OSVALDO ARIEL<\/td><\/tr><tr><td>1.02 &#8211; Historia Argentina Y Latinoamericana<\/td><td>AG\u00dcERO, VICTOR MANUEL<\/td><\/tr><tr><td>1.03 &#8211; Psicolog\u00eda Educacional<\/td><td>GUZMAN PEREZ NOELIA GUADALUPE<\/td><\/tr><tr><td>1.04 &#8211; Lectura y Escritura Acad\u00e9mica<\/td><td>MACCHIAS LOURDES AGUSTINA<\/td><\/tr><tr><td>1.05 &#8211; Improvisaci\u00f3n y T\u00e9cnicas de Actuaci\u00f3n I<\/td><td>APARICIO NATALIA ANDREA<\/td><\/tr><tr><td>1.06 &#8211; Educacion de la Voz I<\/td><td>CALVET ANA LAURA<\/td><\/tr><tr><td>1.07 &#8211; Cuerpo y Movimiento I<\/td><td>TEVEZ CRISTIAN DAMIAN<\/td><\/tr><tr><td>1.08 &#8211; Fundamentos del Lenguaje Teatral<\/td><td>VELEIZAN DANNY MARQUEZ<\/td><\/tr><tr><td>1.09 &#8211; Propuesta Variable o Complementaria<\/td><td>GARCIA ANDREA<\/td><\/tr><tr><td>1.10 &#8211; Pr\u00e1ctica Docente I: Contexto, Comunidad y Escuela<\/td><td>CARRIZO ELIZABETH YOLANDA<\/td><\/tr><tr><td>TALLERES DE LA PR\u00c1CTICA DEL 1ER A\u00d1O<\/td><td>FARF\u00c1N ROSANA MARIELA &#8211; SARMIENTO SOSA MONICA ALEJANDRA<\/td><\/tr><tr><td>2.11 &#8211; Pedagog\u00eda<\/td><td>OLIVERA CATALINA EVANGELINA<\/td><\/tr><tr><td>2.12 &#8211; Historia y Pol\u00edtica de la Educaci\u00f3n Argentina<\/td><td>ALVARADO RA\u00daL SERGIO<\/td><\/tr><tr><td>2.13 &#8211; Tecnolog\u00edas de la Informaci\u00f3n y Comunicaci\u00f3n &#8211; TICs<\/td><td>BALL\u00d3N JOHANNA ELIZABETH<\/td><\/tr><tr><td>2.14 &#8211; T\u00e9cnicas de Actuaci\u00f3n II<\/td><td>SATO MAR\u00cdA CAROLINA<\/td><\/tr><tr><td>2.15 &#8211; Educaci\u00f3n de la Voz II<\/td><td>APARICIO NATALIA ANDREA<\/td><\/tr><tr><td>2.16 &#8211; Cuerpo y Movimiento II<\/td><td>TEVEZ CRISTIAN DAMIAN<\/td><\/tr><tr><td>2.17 &#8211; Historia del Teatro Contempor\u00e1neo y sus or\u00edgenes<\/td><td>AG\u00dcERO, VICTOR MANUEL<\/td><\/tr><tr><td>2.18 &#8211; Did\u00e1ctica Especial del Lenguaje Teatral: Nivel Inicial y Primario<\/td><td>MARTINEZ SERGIO EDUARDO<\/td><\/tr><tr><td>2.19 &#8211; Pr\u00e1ctica Docente II: Gesti\u00f3n Institucional, Curriculum y Ense\u00f1anza<\/td><td>CARRIZO ELIZABETH YOLANDA<\/td><\/tr><tr><td>TALLERES DE LA PR\u00c1CTICA DEL 2DO A\u00d1O<\/td><td>FARF\u00c1N ROSANA MARIELA<\/td><\/tr><tr><td>3.20 &#8211; Filosofia<\/td><td>VELASCO MARTIN ALFREDO<\/td><\/tr><tr><td>3.21 -Sociologia de la Educacion<\/td><td>SULCA ELISA MARTINA DE LOS \u00c1NGELES<\/td><\/tr><tr><td>3.22 &#8211; Metodos y Tecnicas de la Actuacion I<\/td><td>CANCELLIERE SERGIO<\/td><\/tr><tr><td>3.23 &#8211; Cuerpo y Movimiento III<\/td><td>GUANTAY BRIONES MARIANELA<\/td><\/tr><tr><td>3.24 &#8211; Didactica Especial del Lenguaje Teatral: Nivel Secundario y Ambitos no Formales<\/td><td>BARJA MARIA LOURDES<\/td><\/tr><tr><td>3.25 &#8211; Sujetos de la Educacion<\/td><td>ALANCAY ROMINA PAOLA<\/td><\/tr><tr><td>3.26 &#8211; Historia del Teatro Latinoamericano y Argentino<\/td><td>LUGONES ROXANA ALEJANDRA<\/td><\/tr><tr><td>3.27 &#8211; Estetica y Poeticas Teatrales<\/td><td>FARIAS FRANCO<\/td><\/tr><tr><td>3.28 &#8211; Practica Docente III: Practica y Residencia Pedagogica en el Nivel Inicial y Primario<\/td><td>SATO MAR\u00cdA CAROLINA<\/td><\/tr><tr><td>TALLERES DE LA PR\u00c1CTICA DEL 3ER A\u00d1O<\/td><td>AROCENA G\u00d3MEZ MARCELA<\/td><\/tr><tr><td>4.29 &#8211; Formacion Etica y Ciudadana<\/td><td>FERREYRA EDGARDO ASDRUBAL<\/td><\/tr><tr><td>4.30 &#8211; Problem\u00e1tica de la Interculturalidad<\/td><td>VELASCO MARTIN ALFREDO<\/td><\/tr><tr><td>4.31 &#8211; Metodos y Tecnicas de la Actuacion II<\/td><td>CANCELLIERE SERGIO<\/td><\/tr><tr><td>4.32 &#8211; Produccion y Gestion de Proyectos Socio Educativos desde lo Teatral<\/td><td>GARCIA ANDREA<\/td><\/tr><tr><td>4.33 &#8211; Dramaturgia<\/td><td>APARICIO NATALIA ANDREA<\/td><\/tr><tr><td>4.34 &#8211; Seminario Taller: Direccion y Puesta en Escena<\/td><td>SATO MAR\u00cdA CAROLINA<\/td><\/tr><tr><td>4.35 &#8211; Historia del Teatro Regional<\/td><td>AG\u00dcERO, VICTOR MANUEL<\/td><\/tr><tr><td>4.36 &#8211; Critica Teatral<\/td><td>SATO MAR\u00cdA CAROLINA<\/td><\/tr><tr><td>4.37 &#8211; Educacion Sexual Integral<\/td><td>SATO MAR\u00cdA CAROLINA<\/td><\/tr><tr><td>4.38 &#8211; Practica Docente IV: Practica Residencia Pedaogica en el Nivel Secundario y ambitos no formales<\/td><td>BARJA MARIA LOURDES<\/td><\/tr><tr><td>TALLERES DE LA PR\u00c1CTICA DEL 4TO A\u00d1O<\/td><td>FARF\u00c1N ROSANA MARIELA<\/td><\/tr><\/tbody><\/table><\/figure>\n","protected":false},"excerpt":{"rendered":"<p>staff doCENTE 2025 COORDINACI\u00d3N PROF. AG\u00dcERO, VICTOR MANUEL DOCENTES MATERIA DOCENTE A CARGO 1.01 &#8211; Did\u00e1ctica General CHAUQUI, OSVALDO ARIEL 1.02 &#8211; Historia Argentina Y Latinoamericana AG\u00dcERO, VICTOR MANUEL 1.03 &#8211; Psicolog\u00eda Educacional GUZMAN PEREZ NOELIA GUADALUPE 1.04 &#8211; Lectura y Escritura Acad\u00e9mica MACCHIAS LOURDES AGUSTINA 1.05 &#8211; Improvisaci\u00f3n y T\u00e9cnicas de Actuaci\u00f3n I APARICIO &#8230; <a title=\"Prof. de TEATRO 2025\" class=\"read-more\" href=\"https:\/\/ispa-sal.infd.edu.ar\/sitio\/profesorado-de-teatro\/\" aria-label=\"More on Prof. de TEATRO 2025\">[+]<\/a><\/p>\n","protected":false},"author":16,"featured_media":0,"parent":0,"menu_order":0,"comment_status":"closed","ping_status":"closed","template":"","meta":[],"acf":[],"_links":{"self":[{"href":"https:\/\/ispa-sal.infd.edu.ar\/sitio\/wp-json\/wp\/v2\/pages\/866"}],"collection":[{"href":"https:\/\/ispa-sal.infd.edu.ar\/sitio\/wp-json\/wp\/v2\/pages"}],"about":[{"href":"https:\/\/ispa-sal.infd.edu.ar\/sitio\/wp-json\/wp\/v2\/types\/page"}],"author":[{"embeddable":true,"href":"https:\/\/ispa-sal.infd.edu.ar\/sitio\/wp-json\/wp\/v2\/users\/16"}],"replies":[{"embeddable":true,"href":"https:\/\/ispa-sal.infd.edu.ar\/sitio\/wp-json\/wp\/v2\/comments?post=866"}],"version-history":[{"count":15,"href":"https:\/\/ispa-sal.infd.edu.ar\/sitio\/wp-json\/wp\/v2\/pages\/866\/revisions"}],"predecessor-version":[{"id":1672,"href":"https:\/\/ispa-sal.infd.edu.ar\/sitio\/wp-json\/wp\/v2\/pages\/866\/revisions\/1672"}],"wp:attachment":[{"href":"https:\/\/ispa-sal.infd.edu.ar\/sitio\/wp-json\/wp\/v2\/media?parent=866"}],"curies":[{"name":"wp","href":"https:\/\/api.w.org\/{rel}","templated":true}]}}