{"id":868,"date":"2018-08-31T14:30:25","date_gmt":"2018-08-31T17:30:25","guid":{"rendered":"https:\/\/ispa-sal.infd.edu.ar\/sitio\/prof-de-danza-con-orientacion-en-danzas-contemporanea\/"},"modified":"2025-09-23T10:51:36","modified_gmt":"2025-09-23T13:51:36","slug":"prof-de-danza-con-orientacion-en-danzas-contemporanea","status":"publish","type":"page","link":"https:\/\/ispa-sal.infd.edu.ar\/sitio\/prof-de-danza-con-orientacion-en-danzas-contemporanea\/","title":{"rendered":"Prof. de Danza con Orientaci\u00f3n en DANZAS CONTEMPORANEA 2025"},"content":{"rendered":"<div class=\"wp-block-image\">\n<figure class=\"aligncenter size-full\"><img decoding=\"async\" loading=\"lazy\" width=\"1584\" height=\"396\" src=\"https:\/\/ispa-sal.infd.edu.ar\/sitio\/wp-content\/uploads\/2023\/04\/Contemporanea.jpg\" alt=\"\" class=\"wp-image-1491\" srcset=\"https:\/\/ispa-sal.infd.edu.ar\/sitio\/wp-content\/uploads\/2023\/04\/Contemporanea.jpg 1584w, https:\/\/ispa-sal.infd.edu.ar\/sitio\/wp-content\/uploads\/2023\/04\/Contemporanea-1000x250.jpg 1000w, https:\/\/ispa-sal.infd.edu.ar\/sitio\/wp-content\/uploads\/2023\/04\/Contemporanea-768x192.jpg 768w, https:\/\/ispa-sal.infd.edu.ar\/sitio\/wp-content\/uploads\/2023\/04\/Contemporanea-1536x384.jpg 1536w\" sizes=\"(max-width: 1584px) 100vw, 1584px\" \/><\/figure><\/div>\n\n\n<h2 class=\"wp-block-heading has-text-align-center has-contrast-2-color has-text-color\" style=\"letter-spacing:10px;text-transform:uppercase\">staff doCENTE 2025<\/h2>\n\n\n\n<div style=\"height:25px\" aria-hidden=\"true\" class=\"wp-block-spacer\"><\/div>\n\n\n\n<h4 class=\"wp-block-heading has-contrast-color has-text-color\" style=\"letter-spacing:5px\">COORDINACI\u00d3N<\/h4>\n\n\n\n<figure class=\"wp-block-table is-style-stripes\"><table class=\"has-base-3-background-color has-background\"><tbody><tr><td>LIC. WEHNER, FLORENCIA<\/td><\/tr><\/tbody><\/table><\/figure>\n\n\n\n<h4 class=\"wp-block-heading has-contrast-color has-text-color\" style=\"letter-spacing:5px\">DOCENTES<\/h4>\n\n\n\n<figure class=\"wp-block-table is-style-stripes\"><table><tbody><tr><td>MATERIA<\/td><td>DOCENTE A CARGO<\/td><\/tr><tr><td>1.01 &#8211; Pedagogia <\/td><td>SORIANO GONZALO VICTOR HUMBERTO<\/td><\/tr><tr><td>1.02 &#8211; Did\u00e1ctica General<\/td><td>ALANCAY ROMINA PAOLA<\/td><\/tr><tr><td>1.03 &#8211; Psicolog\u00eda Educacional<\/td><td>ALANCAY ROMINA PAOLA<\/td><\/tr><tr><td>1.04 &#8211; Lectura y Escritura Acad\u00e9mica<\/td><td>MANINO MARCIA MURIEL<\/td><\/tr><tr><td>1.05 &#8211; Danza Contempor\u00e1nea<\/td><td>ANGEL JOHANA<\/td><\/tr><tr><td>1.06 &#8211; Anatom\u00eda y Fisiolog\u00eda aplicada a la Danza<\/td><td>DIPP ERICA DEL CARMEN<\/td><\/tr><tr><td>1.07 &#8211; Anal\u00edsis Musical aplicado a la Danza<\/td><td>NOTARIO HUGO ELOY<\/td><\/tr><tr><td>1.08 &#8211; Expresi\u00f3n Corporal I<\/td><td>FABIAN ANDREA MARIA VANESA<\/td><\/tr><tr><td>1.09 &#8211; Pr\u00e1ctica Docente I: Contexto, Comunidad y Escuela<\/td><td>CARRIZO ELIZABETH YOLANDA<\/td><\/tr><tr><td>TALLERES DE LA PR\u00c1CTICA DEL 1ER A\u00d1O<\/td><td>LOPEZ HERRERA MARIA BEATRIZ &#8211; SARMIENTO SOSA MONICA ALEJANDRA<\/td><\/tr><tr><td>2.10 &#8211; Sociolog\u00eda de la Educaci\u00f3n<\/td><td>JUARADO GLADYS ADELINA<\/td><\/tr><tr><td>2.11 &#8211; Historia Argentina y Latinoamericana<\/td><td>JUAREZ LEONARDO<\/td><\/tr><tr><td>2.12 &#8211; Tecnolog\u00edas de la Informaci\u00f3n y Comunicaci\u00f3n &#8211; TIC<\/td><td>RODRIGUEZ VILLAGRA RENE<\/td><\/tr><tr><td>2.13 &#8211; Danza Contempor\u00e1nea II<\/td><td>REARTES SANDRA ELIZABETH<\/td><\/tr><tr><td>2.14 &#8211; Expresi\u00f3n Corporal II<\/td><td>GUANTAY BRIONES MARIANELA<\/td><\/tr><tr><td>2.15 &#8211; Danza Cl\u00e1sica I<\/td><td>TORO CORNEJO MARIA DEL MAR<\/td><\/tr><tr><td>2.16 &#8211; Historia de la Danza<\/td><td>TORO CORNEJO MARIA DEL MAR<\/td><\/tr><tr><td>2.17 &#8211; Did\u00e1ctica Especial de la Danza Contempor\u00e1nea: Educaci\u00f3n Inicial y Primaria<\/td><td>REARTES SANDRA ELIZABETH<\/td><\/tr><tr><td>2.18 &#8211; Sujetos de la Educaci\u00f3n<\/td><td>LOPEZ HERRERA MARIA BEATRIZ<\/td><\/tr><tr><td>2.19 &#8211; Pr\u00e1ctica Docente II: Gesti\u00f3n Institucional, Curriculum y Ense\u00f1anza<\/td><td>LOPEZ HERRERA MARIA BEATRIZ<\/td><\/tr><tr><td>TALLERES DE LA PR\u00c1CTICA DEL 2DO A\u00d1O<\/td><td>YANES ADELMA<\/td><\/tr><tr><td>3.20 &#8211; Historia y Pol\u00edtica de la Educaci\u00f3n Argentina<\/td><td>QUIROGA ALBERTO RAMIRO<\/td><\/tr><tr><td>3.21 &#8211; Filosof\u00eda<\/td><td>VELASCO MARTIN ALFREDO<\/td><\/tr><tr><td>3.22 &#8211; Danza Contempor\u00e1nea III<\/td><td>REARTES SANDRA ELIZABETH<\/td><\/tr><tr><td>3.23 &#8211; Expresi\u00f3n Corporal III<\/td><td>GUANTAY BRIONES MARIANELA<\/td><\/tr><tr><td>3.24 &#8211; Did\u00e1ctica Especial de la Danza Contemporanea: Nivel Secundario y Ambitos no Formales<\/td><td>MEDINA RITA ANALIA<\/td><\/tr><tr><td>3.25 &#8211; Educaci\u00f3n Sexual Integral<\/td><td>RIVERO PAULA ELISABETH<\/td><\/tr><tr><td>3.26 &#8211; Juegos Teatrales<\/td><td>DELGADO CARLOS RENATO<\/td><\/tr><tr><td>3.27 &#8211; Danza Cl\u00e1sica II<\/td><td>TORO CORNEJO MARIA DEL MAR<\/td><\/tr><tr><td>3.28 &#8211; Pr\u00e1ctica Docente III: Pr\u00e1ctica y Residencia Pedag\u00f3gica en el Nivel Inicial y Primario<\/td><td>TORO CORNEJO MARIA DEL MAR<\/td><\/tr><tr><td>TALLERES DE LA PR\u00c1CTICA DEL 3ER A\u00d1O<\/td><td>LOPEZ HERRERA MARIA BEATRIZ<\/td><\/tr><tr><td>4.29 &#8211; Formaci\u00f3n Etica y Ciudadana<\/td><td>AGOSTINUCCI CLAUDIO MIGUEL<\/td><\/tr><tr><td>4.30 &#8211; Problem\u00e1tica de la Interculturalidad<\/td><td>LEAL CLAUDIA FERNANDA<\/td><\/tr><tr><td>4.31 &#8211; Danza Contempor\u00e1nea IV<\/td><td>ANGEL JOHANA<\/td><\/tr><tr><td>4.32 &#8211; Laboratorio de la Danza<\/td><td>WEHNER, FLORENCIA<\/td><\/tr><tr><td>4.33 &#8211; Composici\u00f3n Coreogr\u00e1fica<\/td><td>WEHNER, FLORENCIA<\/td><\/tr><tr><td>4.34 &#8211; Producci\u00f3n y Gesti\u00f3n de Espect\u00e1culos<\/td><td>MOROSINI MARIA SILVIA<\/td><\/tr><tr><td>4.35 &#8211; Danza Teatro<\/td><td>TEVEZ DAMIAN<\/td><\/tr><tr><td>4.36 &#8211; Practica Docente IV: Practica Residencia Pedaogica en el Nivel Secundario y ambitos no formales<\/td><td>GUANTAY BRIONES MARIANELA<\/td><\/tr><tr><td>TALLERES DE LA PR\u00c1CTICA DEL 4TO A\u00d1O<\/td><td>MURUAGA MARGARITA MATILDE<\/td><\/tr><\/tbody><\/table><\/figure>\n","protected":false},"excerpt":{"rendered":"<p>staff doCENTE 2025 COORDINACI\u00d3N LIC. WEHNER, FLORENCIA DOCENTES MATERIA DOCENTE A CARGO 1.01 &#8211; Pedagogia SORIANO GONZALO VICTOR HUMBERTO 1.02 &#8211; Did\u00e1ctica General ALANCAY ROMINA PAOLA 1.03 &#8211; Psicolog\u00eda Educacional ALANCAY ROMINA PAOLA 1.04 &#8211; Lectura y Escritura Acad\u00e9mica MANINO MARCIA MURIEL 1.05 &#8211; Danza Contempor\u00e1nea ANGEL JOHANA 1.06 &#8211; Anatom\u00eda y Fisiolog\u00eda aplicada a &#8230; <a title=\"Prof. de Danza con Orientaci\u00f3n en DANZAS CONTEMPORANEA 2025\" class=\"read-more\" href=\"https:\/\/ispa-sal.infd.edu.ar\/sitio\/prof-de-danza-con-orientacion-en-danzas-contemporanea\/\" aria-label=\"More on Prof. de Danza con Orientaci\u00f3n en DANZAS CONTEMPORANEA 2025\">[+]<\/a><\/p>\n","protected":false},"author":16,"featured_media":0,"parent":0,"menu_order":0,"comment_status":"closed","ping_status":"closed","template":"","meta":[],"acf":[],"_links":{"self":[{"href":"https:\/\/ispa-sal.infd.edu.ar\/sitio\/wp-json\/wp\/v2\/pages\/868"}],"collection":[{"href":"https:\/\/ispa-sal.infd.edu.ar\/sitio\/wp-json\/wp\/v2\/pages"}],"about":[{"href":"https:\/\/ispa-sal.infd.edu.ar\/sitio\/wp-json\/wp\/v2\/types\/page"}],"author":[{"embeddable":true,"href":"https:\/\/ispa-sal.infd.edu.ar\/sitio\/wp-json\/wp\/v2\/users\/16"}],"replies":[{"embeddable":true,"href":"https:\/\/ispa-sal.infd.edu.ar\/sitio\/wp-json\/wp\/v2\/comments?post=868"}],"version-history":[{"count":10,"href":"https:\/\/ispa-sal.infd.edu.ar\/sitio\/wp-json\/wp\/v2\/pages\/868\/revisions"}],"predecessor-version":[{"id":1671,"href":"https:\/\/ispa-sal.infd.edu.ar\/sitio\/wp-json\/wp\/v2\/pages\/868\/revisions\/1671"}],"wp:attachment":[{"href":"https:\/\/ispa-sal.infd.edu.ar\/sitio\/wp-json\/wp\/v2\/media?parent=868"}],"curies":[{"name":"wp","href":"https:\/\/api.w.org\/{rel}","templated":true}]}}