{"id":913,"date":"2018-08-31T14:30:35","date_gmt":"2018-08-31T17:30:35","guid":{"rendered":"https:\/\/ispa-sal.infd.edu.ar\/sitio\/autoridades\/"},"modified":"2025-12-19T11:38:41","modified_gmt":"2025-12-19T14:38:41","slug":"autoridades","status":"publish","type":"page","link":"https:\/\/ispa-sal.infd.edu.ar\/sitio\/autoridades\/","title":{"rendered":"Autoridades"},"content":{"rendered":"<div class=\"wp-block-image\">\n<figure class=\"aligncenter size-full\"><img decoding=\"async\" loading=\"lazy\" width=\"1584\" height=\"396\" src=\"https:\/\/ispa-sal.infd.edu.ar\/sitio\/wp-content\/uploads\/2023\/04\/Autoridades.jpg\" alt=\"\" class=\"wp-image-1481\" srcset=\"https:\/\/ispa-sal.infd.edu.ar\/sitio\/wp-content\/uploads\/2023\/04\/Autoridades.jpg 1584w, https:\/\/ispa-sal.infd.edu.ar\/sitio\/wp-content\/uploads\/2023\/04\/Autoridades-1000x250.jpg 1000w, https:\/\/ispa-sal.infd.edu.ar\/sitio\/wp-content\/uploads\/2023\/04\/Autoridades-768x192.jpg 768w, https:\/\/ispa-sal.infd.edu.ar\/sitio\/wp-content\/uploads\/2023\/04\/Autoridades-1536x384.jpg 1536w\" sizes=\"(max-width: 1584px) 100vw, 1584px\" \/><\/figure><\/div>\n\n\n<figure class=\"wp-block-table\"><table><tbody><tr><td><span style=\"font-family: arial, helvetica, sans-serif; font-size: 12pt;\">Ministro de Educaci\u00f3n, Cultura Ciencia y Tecnolog\u00eda de la Provincia de Salta<\/span><\/td><td><span style=\"font-size: 12pt;\">&nbsp;<\/span><\/td><\/tr><tr><td><span style=\"font-size: 12pt;\">&nbsp;<img decoding=\"async\" loading=\"lazy\" src=\"https:\/\/ispa-sal.infd.edu.ar\/sitio\/wp-content\/uploads\/2018\/08\/Linea.jpg\" width=\"440\" height=\"2\" border=\"0\"><\/span><\/td><td>Dra. Mar\u00eda Cristina del Valle, <strong>Fiore Vi\u00f1uales<\/strong><\/td><\/tr><tr><td><span style=\"font-size: 12pt;\">&nbsp;<\/span><\/td><td><span style=\"font-size: 12pt;\">&nbsp;<\/span><\/td><\/tr><tr><td><span style=\"font-size: 12pt;\">Secretar\u00eda de Gesti\u00f3n:<\/span><\/td><td>&nbsp;<\/td><\/tr><tr><td><span style=\"font-size: 12pt;\"><img decoding=\"async\" loading=\"lazy\" src=\"https:\/\/ispa-sal.infd.edu.ar\/sitio\/wp-content\/uploads\/2018\/08\/Linea.jpg\" width=\"440\" height=\"2\" border=\"0\"><\/span><\/td><td>Lic. Alejandro Eduardo,<strong> Williams Becker<\/strong><\/td><\/tr><tr><td>&nbsp;<\/td><td>&nbsp;<\/td><\/tr><tr><td><span style=\"font-family: Arial; font-size: 12pt;\">Direcci\u00f3n General de Educaci\u00f3n Superior:<\/span><\/td><td><span style=\"font-size: 12pt;\">&nbsp;<\/span><\/td><\/tr><tr><td><span style=\"font-size: 12pt;\">&nbsp;<img decoding=\"async\" loading=\"lazy\" src=\"https:\/\/ispa-sal.infd.edu.ar\/sitio\/wp-content\/uploads\/2018\/08\/Linea.jpg\" width=\"440\" height=\"2\" border=\"0\"><\/span><\/td><td>Lic. Carlos Renato,<strong> Delgado<\/strong><\/td><\/tr><tr><td><span style=\"font-size: 12pt;\">&nbsp;<\/span><\/td><td><span style=\"font-size: 12pt;\">&nbsp;<\/span><\/td><\/tr><tr><td><span style=\"font-family: Arial; font-size: 12pt;\">Supervisor de N\u00facleo:<\/span><\/td><td><span style=\"font-size: 12pt;\">&nbsp;<\/span><\/td><\/tr><tr><td><span style=\"font-size: 12pt;\">&nbsp;<img decoding=\"async\" loading=\"lazy\" src=\"https:\/\/ispa-sal.infd.edu.ar\/sitio\/wp-content\/uploads\/2018\/08\/Linea.jpg\" width=\"440\" height=\"2\" border=\"0\"><\/span><\/td><td>Lic. Prof. Esp. Ivone Anah\u00ed, <strong>Patagua<\/strong><\/td><\/tr><tr><td>&nbsp;<\/td><td>&nbsp;<\/td><\/tr><tr><td>Prof. a Cargo de Rector\u00eda<\/td><td><span style=\"font-size: 12pt;\">&nbsp;<\/span><\/td><\/tr><tr><td><span style=\"font-size: 12pt;\"><span style=\"font-size: 12pt;\"> <img decoding=\"async\" loading=\"lazy\" src=\"https:\/\/ispa-sal.infd.edu.ar\/sitio\/wp-content\/uploads\/2018\/08\/Linea.jpg\" width=\"440\" height=\"2\" border=\"0\"><\/span><\/span><\/td><td><span style=\"font-size: 12pt;\">Prof. Santiago, <strong>Narvaez<\/strong><\/span><\/td><\/tr><tr><td>&nbsp;<\/td><td>&nbsp;<\/td><\/tr><tr><td><span style=\"font-size: 12pt;\">Secretario<\/span><\/td><td><span style=\"font-size: 12pt;\">&nbsp;<\/span><\/td><\/tr><tr><td><span style=\"font-size: 12pt;\"><img decoding=\"async\" loading=\"lazy\" class=\"alignleft\" src=\"https:\/\/ispa-sal.infd.edu.ar\/sitio\/wp-content\/uploads\/2018\/08\/Linea.jpg\" width=\"440\" height=\"2\" border=\"0\"><\/span><\/td><td><span style=\"font-size: 12pt;\">Prof. Ariel, <strong>Romero<\/strong><\/span><\/td><\/tr><tr><td><span style=\"font-size: 12pt;\">&nbsp;<\/span><\/td><td><span style=\"font-size: 12pt;\">&nbsp;<\/span><\/td><\/tr><tr><td><span style=\"font-family: Arial; font-size: 12pt;\">Coordinador Prof. de Danzas con orientaci\u00f3n en Danza Contempor\u00e1nea:<\/span><\/td><td><span style=\"font-size: 12pt;\">&nbsp;<\/span><\/td><\/tr><tr><td><span style=\"font-size: 12pt;\"><img decoding=\"async\" loading=\"lazy\" class=\"alignleft\" src=\"https:\/\/ispa-sal.infd.edu.ar\/sitio\/wp-content\/uploads\/2018\/08\/Linea.jpg\" width=\"440\" height=\"2\" border=\"0\"><\/span><\/td><td><span style=\"font-size: 12pt;\">Prof. Florencia, <strong>Wehner<\/strong><\/span><\/td><\/tr><tr><td>&nbsp;<\/td><td>&nbsp;<\/td><\/tr><tr><td><span style=\"font-size: 12pt;\"><span style=\"font-family: Arial; font-size: 12pt;\">Coordinador Prof. de Teatro:<\/span>&nbsp;<\/span><\/td><td>&nbsp;<\/td><\/tr><tr><td><img decoding=\"async\" loading=\"lazy\" width=\"440\" height=\"2\" src=\"https:\/\/ispa-sal.infd.edu.ar\/sitio\/wp-content\/uploads\/2018\/08\/Linea.jpg\"><\/td><td>&nbsp;<span style=\"font-size: 12pt;\">Prof. V\u00edctor Manuel, <\/span><strong>Ag\u00fcero<\/strong><\/td><\/tr><tr><td><\/td><td>&nbsp;<\/td><\/tr><tr><td><span style=\"font-size: 12pt;\"><span style=\"font-family: Arial; font-size: 12pt;\">Coordinador Tec Sup. en Puesta en Escena y Producci\u00f3n Art\u00edstica<\/span><\/span><\/td><td>&nbsp;<\/td><\/tr><tr><td><span style=\"font-size: 12pt;\">&nbsp;<img decoding=\"async\" loading=\"lazy\" src=\"https:\/\/ispa-sal.infd.edu.ar\/sitio\/wp-content\/uploads\/2018\/08\/Linea.jpg\" width=\"440\" height=\"2\" border=\"0\"><\/span><\/td><td>Prof. Martin, <strong>Velasco<\/strong><\/td><\/tr><\/tbody><\/table><\/figure>\n\n\n\n<p><\/p>\n","protected":false},"excerpt":{"rendered":"<p>Ministro de Educaci\u00f3n, Cultura Ciencia y Tecnolog\u00eda de la Provincia de Salta &nbsp; &nbsp; Dra. Mar\u00eda Cristina del Valle, Fiore Vi\u00f1uales &nbsp; &nbsp; Secretar\u00eda de Gesti\u00f3n: &nbsp; Lic. Alejandro Eduardo, Williams Becker &nbsp; &nbsp; Direcci\u00f3n General de Educaci\u00f3n Superior: &nbsp; &nbsp; Lic. Carlos Renato, Delgado &nbsp; &nbsp; Supervisor de N\u00facleo: &nbsp; &nbsp; Lic. Prof. Esp. &#8230; <a title=\"Autoridades\" class=\"read-more\" href=\"https:\/\/ispa-sal.infd.edu.ar\/sitio\/autoridades\/\" aria-label=\"More on Autoridades\">[+]<\/a><\/p>\n","protected":false},"author":16,"featured_media":0,"parent":0,"menu_order":0,"comment_status":"closed","ping_status":"closed","template":"","meta":[],"acf":[],"_links":{"self":[{"href":"https:\/\/ispa-sal.infd.edu.ar\/sitio\/wp-json\/wp\/v2\/pages\/913"}],"collection":[{"href":"https:\/\/ispa-sal.infd.edu.ar\/sitio\/wp-json\/wp\/v2\/pages"}],"about":[{"href":"https:\/\/ispa-sal.infd.edu.ar\/sitio\/wp-json\/wp\/v2\/types\/page"}],"author":[{"embeddable":true,"href":"https:\/\/ispa-sal.infd.edu.ar\/sitio\/wp-json\/wp\/v2\/users\/16"}],"replies":[{"embeddable":true,"href":"https:\/\/ispa-sal.infd.edu.ar\/sitio\/wp-json\/wp\/v2\/comments?post=913"}],"version-history":[{"count":9,"href":"https:\/\/ispa-sal.infd.edu.ar\/sitio\/wp-json\/wp\/v2\/pages\/913\/revisions"}],"predecessor-version":[{"id":1697,"href":"https:\/\/ispa-sal.infd.edu.ar\/sitio\/wp-json\/wp\/v2\/pages\/913\/revisions\/1697"}],"wp:attachment":[{"href":"https:\/\/ispa-sal.infd.edu.ar\/sitio\/wp-json\/wp\/v2\/media?parent=913"}],"curies":[{"name":"wp","href":"https:\/\/api.w.org\/{rel}","templated":true}]}}